{"id":1355,"date":"2021-03-21T17:07:48","date_gmt":"2021-03-21T14:07:48","guid":{"rendered":"https:\/\/belitelektronik.com\/?page_id=1355"},"modified":"2021-03-23T05:59:24","modified_gmt":"2021-03-23T02:59:24","slug":"get-quote","status":"publish","type":"page","link":"https:\/\/belitelektronik.com\/en\/get-quote\/","title":{"rendered":"Get Quote"},"content":{"rendered":"\r\n<h2>Get Quick Quote<\/h2>\r\n<p>With the request system we have prepared, you can quickly transfer information and receive offers. Please contact us for any problem.<\/p>\r\n<h3>H\u0131zl\u0131 Teklif \u0130ste<\/h3>\r\n<p>Haz\u0131rlam\u0131\u015f oldu\u011fumuz talep sistemi ile h\u0131zl\u0131 \u015fekilde bilgi aktar\u0131m\u0131 ve teklif alma i\u015flemi ger\u00e7ekle\u015ftirebilirsiniz. Herhangi bir problemde l\u00fctfen bize ula\u015f\u0131n. Notice: JavaScript is required for this content.<style>\r\n        \/* FORM STYLES *\/\r\n        #nf-form-8-cont .nf-error-field-errors {\r\n                    }\r\n        .nf-mp-header .nf-progress {\r\n                                    background-color:#4183b7;\r\n                    }\r\n        .nf-mp-header h3 {\r\n                                    color:#ffffff;\r\n                    }\r\n        .nf-previous-item > .nf-previous {\r\n                                    background-color:#4183b7;\r\n                                            color:#ffffff;\r\n                    }\r\n        .nf-next-item .nf-next {\r\n                                    background-color:#4183b7;\r\n                                            color:#ffffff;\r\n                    }\r\n        .nf-next-previous input:hover {\r\n                                    color:#ffffff;\r\n                    }\r\n    <\/style><style>\r\n        \/* FIELDS STYLES *\/\r\n        .nf-form-content .nf-field-container #nf-field-114-wrap {\r\n                    }\r\n    <\/style><\/p>\r\n<!-- TODO: Move to Template File. -->","protected":false},"excerpt":{"rendered":"<p>Get Quick Quote With the request system we have prepared, you can quickly transfer information and receive offers. Please contact us for any problem. H\u0131zl\u0131 Teklif \u0130ste Haz\u0131rlam\u0131\u015f oldu\u011fumuz talep sistemi ile h\u0131zl\u0131 \u015fekilde bilgi aktar\u0131m\u0131 ve teklif alma i\u015flemi ger\u00e7ekle\u015ftirebilirsiniz. Herhangi bir problemde l\u00fctfen bize ula\u015f\u0131n. Notice: JavaScript is required for this content.<\/p>\n","protected":false},"author":2,"featured_media":0,"parent":0,"menu_order":0,"comment_status":"closed","ping_status":"closed","template":"","meta":{"site-sidebar-layout":"no-sidebar","site-content-layout":"page-builder","ast-site-content-layout":"default","site-content-style":"default","site-sidebar-style":"default","ast-global-header-display":"","ast-banner-title-visibility":"","ast-main-header-display":"","ast-hfb-above-header-display":"","ast-hfb-below-header-display":"","ast-hfb-mobile-header-display":"","site-post-title":"disabled","ast-breadcrumbs-content":"","ast-featured-img":"disabled","footer-sml-layout":"","ast-disable-related-posts":"","theme-transparent-header-meta":"default","adv-header-id-meta":"","stick-header-meta":"default","header-above-stick-meta":"","header-main-stick-meta":"","header-below-stick-meta":"","astra-migrate-meta-layouts":"default","ast-page-background-enabled":"default","ast-page-background-meta":{"desktop":{"background-color":"","background-image":"","background-repeat":"repeat","background-position":"center center","background-size":"auto","background-attachment":"scroll","background-type":"","background-media":"","overlay-type":"","overlay-color":"","overlay-opacity":"","overlay-gradient":""},"tablet":{"background-color":"","background-image":"","background-repeat":"repeat","background-position":"center center","background-size":"auto","background-attachment":"scroll","background-type":"","background-media":"","overlay-type":"","overlay-color":"","overlay-opacity":"","overlay-gradient":""},"mobile":{"background-color":"","background-image":"","background-repeat":"repeat","background-position":"center center","background-size":"auto","background-attachment":"scroll","background-type":"","background-media":"","overlay-type":"","overlay-color":"","overlay-opacity":"","overlay-gradient":""}},"ast-content-background-meta":{"desktop":{"background-color":"var(--ast-global-color-5)","background-image":"","background-repeat":"repeat","background-position":"center center","background-size":"auto","background-attachment":"scroll","background-type":"","background-media":"","overlay-type":"","overlay-color":"","overlay-opacity":"","overlay-gradient":""},"tablet":{"background-color":"var(--ast-global-color-5)","background-image":"","background-repeat":"repeat","background-position":"center center","background-size":"auto","background-attachment":"scroll","background-type":"","background-media":"","overlay-type":"","overlay-color":"","overlay-opacity":"","overlay-gradient":""},"mobile":{"background-color":"var(--ast-global-color-5)","background-image":"","background-repeat":"repeat","background-position":"center center","background-size":"auto","background-attachment":"scroll","background-type":"","background-media":"","overlay-type":"","overlay-color":"","overlay-opacity":"","overlay-gradient":""}},"footnotes":""},"class_list":["post-1355","page","type-page","status-publish","hentry"],"_links":{"self":[{"href":"https:\/\/belitelektronik.com\/en\/wp-json\/wp\/v2\/pages\/1355","targetHints":{"allow":["GET"]}}],"collection":[{"href":"https:\/\/belitelektronik.com\/en\/wp-json\/wp\/v2\/pages"}],"about":[{"href":"https:\/\/belitelektronik.com\/en\/wp-json\/wp\/v2\/types\/page"}],"author":[{"embeddable":true,"href":"https:\/\/belitelektronik.com\/en\/wp-json\/wp\/v2\/users\/2"}],"replies":[{"embeddable":true,"href":"https:\/\/belitelektronik.com\/en\/wp-json\/wp\/v2\/comments?post=1355"}],"version-history":[{"count":0,"href":"https:\/\/belitelektronik.com\/en\/wp-json\/wp\/v2\/pages\/1355\/revisions"}],"wp:attachment":[{"href":"https:\/\/belitelektronik.com\/en\/wp-json\/wp\/v2\/media?parent=1355"}],"curies":[{"name":"wp","href":"https:\/\/api.w.org\/{rel}","templated":true}]}}