{"id":1347,"date":"2021-03-21T16:40:54","date_gmt":"2021-03-21T13:40:54","guid":{"rendered":"https:\/\/belitelektronik.com\/?page_id=1347"},"modified":"2021-03-22T11:27:44","modified_gmt":"2021-03-22T08:27:44","slug":"products","status":"publish","type":"page","link":"https:\/\/belitelektronik.com\/en\/products\/","title":{"rendered":"Products"},"content":{"rendered":"\r\n<h2>PRODUCTS<\/h2>\r\n<h3>High Quality Materials and Workmanship<\/h3>\r\n<p><img loading=\"lazy\" decoding=\"async\" title=\"Enerji ve ak\u00fc kablolar\u0131\" src=\"https:\/\/belitelektronik.com\/wp-content\/uploads\/bb-plugin\/cache\/44_800-1-landscape.jpg\" alt=\"Enerji ve ak\u00fc kablolar\u0131\" width=\"800\" height=\"800\" data-no-lazy=\"1\" \/><\/p>\r\n<h3>Energy and battery cables<\/h3>\r\n<p>Energy and battery cables Belit Electronic is able to make energy, battery cables and battery management system (BMS) cables up to 150 mm2 cross sections in line with the needs of the&#8230;<img loading=\"lazy\" decoding=\"async\" title=\"Sinyal ve data kablolar\u0131\" src=\"https:\/\/belitelektronik.com\/wp-content\/uploads\/bb-plugin\/cache\/56_800-landscape.jpg\" alt=\"Signal and data cables\" width=\"800\" height=\"800\" data-no-lazy=\"1\" \/><\/p>\r\n<h3>Signal and data cables<\/h3>\r\n<p>Signal and data cables In line with the needs of the relevant sectors, Belit Electronic has the ability to produce cables in a wide variety from a single cable to cables with&#8230;<img loading=\"lazy\" decoding=\"async\" title=\"Otomotiv ve ara\u00e7 takip cihaz\u0131 kablolar\u0131\" src=\"https:\/\/belitelektronik.com\/wp-content\/uploads\/bb-plugin\/cache\/87_1000-1-landscape.jpg\" alt=\"Otomotiv ve ara\u00e7 takip cihaz\u0131 kablolar\u0131\" width=\"1000\" height=\"750\" data-no-lazy=\"1\" \/><\/p>\r\n<h3>Automotive and vehicle tracking device cables<\/h3>\r\n<p>Automotive and vehicle tracking device cables Belit Elektronic produces quality products and solutions at many important points within the complex structure of the automotive electronics industry. Automotive lighting cables, vehicle tracking devices cables(telemetry devices)&#8230;<img loading=\"lazy\" decoding=\"async\" title=\"Led ve ayd\u0131nlatma kablolar\u0131\" src=\"https:\/\/belitelektronik.com\/wp-content\/uploads\/bb-plugin\/cache\/7_800-landscape.jpg\" alt=\"Led and Lighting Cables\" width=\"800\" height=\"910\" data-no-lazy=\"1\" \/><\/p>\r\n<h3>Led and Lighting Cables<\/h3>\r\n<p>Led and Lighting Cables Belit Electronic produces quality cables that accompany the long working life of the LED products used in the sector and the beautiful designs of the luminaires. The machines&#8230;<img loading=\"lazy\" decoding=\"async\" title=\"Asans\u00f6r buton ve kumanda kablolar\u0131\" src=\"https:\/\/belitelektronik.com\/wp-content\/uploads\/bb-plugin\/cache\/72_800-landscape.jpg\" alt=\"Asans\u00f6r buton ve kumanda kablolar\u0131\" width=\"1000\" height=\"750\" data-no-lazy=\"1\" \/><\/p>\r\n<h3>Elevator Button and Control Cables<\/h3>\r\n<p>Elevator Button and Control Cables Belit Electronic manufactures; Cable assemblies used in elevators, an area where the construction and electronics sectors intersect. Elevator button connection cables, sensor cables, automatic door cables and connection&#8230;<img loading=\"lazy\" decoding=\"async\" title=\"UPS KABLOLARI\" src=\"https:\/\/belitelektronik.com\/wp-content\/uploads\/bb-plugin\/cache\/111_800-landscape.jpg\" alt=\"UPS KABLOLARI\" width=\"800\" height=\"867\" data-no-lazy=\"1\" \/><\/p>\r\n<h3>UPS Cables<\/h3>\r\n<p>UPS Cables Belit Electronic manufactures the cable assemblies, wire harnesses and battery cables needs of the UPS industry, which it has been closely following for many years. Belit Electronic produces&#8230;<img loading=\"lazy\" decoding=\"async\" title=\"Topraklama kablolar\u0131\" src=\"https:\/\/belitelektronik.com\/wp-content\/uploads\/bb-plugin\/cache\/64_800-landscape.jpg\" alt=\"Topraklama kablolar\u0131\" width=\"1000\" height=\"750\" data-no-lazy=\"1\" \/><\/p>\r\n<h3>Grounding Cables<\/h3>\r\n<p>Grounding Cables For the needs of companies producing in the field of electromechanical production, we are able to produce from single grounding cable to a set of several cables with&#8230;<img loading=\"lazy\" decoding=\"async\" title=\"D-sub kablo montaj\u0131\" src=\"https:\/\/belitelektronik.com\/wp-content\/uploads\/bb-plugin\/cache\/92_800-landscape.jpg\" alt=\"D-sub kablo montaj\u0131\" width=\"1000\" height=\"750\" data-no-lazy=\"1\" \/><\/p>\r\n<h3>D-Sub Cable Assemblies<\/h3>\r\n<p>D-Sub Cable Assemblies This type of connector takes its name from the characteristic D shape, it is widely used for data transfer. The quality and plating of the contacts used in&#8230;<img loading=\"lazy\" decoding=\"async\" title=\"Flat Kablolar\" src=\"https:\/\/belitelektronik.com\/wp-content\/uploads\/bb-plugin\/cache\/85_1000-landscape.jpg\" alt=\"Flat Kablolar\" width=\"1000\" height=\"750\" data-no-lazy=\"1\" \/><\/p>\r\n<h3>Flat Cable Assemblies<\/h3>\r\n<p>Flat Cable Assemblies We manufacture flat cable assemblies 1.27mm pitch in UL2651 standard and IDC connectors of a high quality. Thanks to the design of the connector, a flat cable assembly&#8230;<\/p>\r\n<!-- .pp-content-posts -->","protected":false},"excerpt":{"rendered":"<p>PRODUCTS High Quality Materials and Workmanship Energy and battery cables Energy and battery cables Belit Electronic is able to make energy, battery cables and battery management system (BMS) cables up to 150 mm2 cross sections in line with the needs of the&#8230; Signal and data cables Signal and data cables In line with the needs [&hellip;]<\/p>\n","protected":false},"author":2,"featured_media":1122,"parent":0,"menu_order":0,"comment_status":"closed","ping_status":"closed","template":"","meta":{"site-sidebar-layout":"no-sidebar","site-content-layout":"page-builder","ast-site-content-layout":"default","site-content-style":"default","site-sidebar-style":"default","ast-global-header-display":"","ast-banner-title-visibility":"","ast-main-header-display":"","ast-hfb-above-header-display":"","ast-hfb-below-header-display":"","ast-hfb-mobile-header-display":"","site-post-title":"disabled","ast-breadcrumbs-content":"","ast-featured-img":"disabled","footer-sml-layout":"","ast-disable-related-posts":"","theme-transparent-header-meta":"default","adv-header-id-meta":"","stick-header-meta":"default","header-above-stick-meta":"","header-main-stick-meta":"","header-below-stick-meta":"","astra-migrate-meta-layouts":"default","ast-page-background-enabled":"default","ast-page-background-meta":{"desktop":{"background-color":"","background-image":"","background-repeat":"repeat","background-position":"center center","background-size":"auto","background-attachment":"scroll","background-type":"","background-media":"","overlay-type":"","overlay-color":"","overlay-opacity":"","overlay-gradient":""},"tablet":{"background-color":"","background-image":"","background-repeat":"repeat","background-position":"center center","background-size":"auto","background-attachment":"scroll","background-type":"","background-media":"","overlay-type":"","overlay-color":"","overlay-opacity":"","overlay-gradient":""},"mobile":{"background-color":"","background-image":"","background-repeat":"repeat","background-position":"center center","background-size":"auto","background-attachment":"scroll","background-type":"","background-media":"","overlay-type":"","overlay-color":"","overlay-opacity":"","overlay-gradient":""}},"ast-content-background-meta":{"desktop":{"background-color":"var(--ast-global-color-5)","background-image":"","background-repeat":"repeat","background-position":"center center","background-size":"auto","background-attachment":"scroll","background-type":"","background-media":"","overlay-type":"","overlay-color":"","overlay-opacity":"","overlay-gradient":""},"tablet":{"background-color":"var(--ast-global-color-5)","background-image":"","background-repeat":"repeat","background-position":"center center","background-size":"auto","background-attachment":"scroll","background-type":"","background-media":"","overlay-type":"","overlay-color":"","overlay-opacity":"","overlay-gradient":""},"mobile":{"background-color":"var(--ast-global-color-5)","background-image":"","background-repeat":"repeat","background-position":"center center","background-size":"auto","background-attachment":"scroll","background-type":"","background-media":"","overlay-type":"","overlay-color":"","overlay-opacity":"","overlay-gradient":""}},"footnotes":""},"class_list":["post-1347","page","type-page","status-publish","has-post-thumbnail","hentry"],"_links":{"self":[{"href":"https:\/\/belitelektronik.com\/en\/wp-json\/wp\/v2\/pages\/1347","targetHints":{"allow":["GET"]}}],"collection":[{"href":"https:\/\/belitelektronik.com\/en\/wp-json\/wp\/v2\/pages"}],"about":[{"href":"https:\/\/belitelektronik.com\/en\/wp-json\/wp\/v2\/types\/page"}],"author":[{"embeddable":true,"href":"https:\/\/belitelektronik.com\/en\/wp-json\/wp\/v2\/users\/2"}],"replies":[{"embeddable":true,"href":"https:\/\/belitelektronik.com\/en\/wp-json\/wp\/v2\/comments?post=1347"}],"version-history":[{"count":0,"href":"https:\/\/belitelektronik.com\/en\/wp-json\/wp\/v2\/pages\/1347\/revisions"}],"wp:featuredmedia":[{"embeddable":true,"href":"https:\/\/belitelektronik.com\/en\/wp-json\/wp\/v2\/media\/1122"}],"wp:attachment":[{"href":"https:\/\/belitelektronik.com\/en\/wp-json\/wp\/v2\/media?parent=1347"}],"curies":[{"name":"wp","href":"https:\/\/api.w.org\/{rel}","templated":true}]}}