{"id":1333,"date":"2021-03-21T15:17:20","date_gmt":"2021-03-21T12:17:20","guid":{"rendered":"https:\/\/belitelektronik.com\/?page_id=1333"},"modified":"2021-03-22T11:27:41","modified_gmt":"2021-03-22T08:27:41","slug":"automotive-and-vehicle-tracking-device-cables","status":"publish","type":"page","link":"https:\/\/belitelektronik.com\/en\/automotive-and-vehicle-tracking-device-cables\/","title":{"rendered":"Automotive and vehicle tracking device cables"},"content":{"rendered":"\n\n\t\t\t<h1><\/h1>\n\t\t\t\t<p>Belit Elektronic produces quality products and solutions at many important points within the complex structure of the automotive electronics industry. Automotive lighting cables, vehicle tracking devices cables(telemetry devices) and tachograph devices cables are the leading ones.<\/p>\n<p>We produce battery management system cables for companies that serve in the field of electromobility and energy technologies, which are among the developing sectors.<\/p>\n<p>We can use FLRY type automotive cables and special connectors according to the usage area and working conditions.<\/p>\n\t\t\t<a href=\"\/get-quote\" target=\"_self\" role=\"button\" rel=\"noopener\">\n\t\t\t\t\t\t\tGet Quote\n\t\t<\/a>\n\t\t\t\t<a\n\t\t\thref=\"https:\/\/belitelektronik.com\/wp-content\/uploads\/2021\/03\/28_800.jpg\"\n\t\t\t\t\t\tdata-fancybox=\"images\" \n\t\t\ttitle=\"Otomotiv ve ara\u00e7 takip cihaz\u0131 kablolar\u0131\" \n\t\t\t\t\t\tdata-caption=\"Otomotiv ve ara\u00e7 takip cihaz\u0131 kablolar\u0131\"\n\t\t\t\t\t\tdata-description=\"\" \n\t\t\titemprop=\"contentUrl\">\n\t\t<img decoding=\"async\" src=\"https:\/\/belitelektronik.com\/wp-content\/uploads\/2021\/03\/28_800-150x150.jpg\" alt=\"\" data-no-lazy=\"1\" itemprop=\"thumbnail\" \/>\n\t\t\t<!-- Overlay Wrapper -->\n\t\t\t <!-- Overlay Wrapper Closed -->\n\t\t\t\t<\/a>\n\t\t\t\t\t\t\t<meta itemprop=\"width\" content=\"150\" \/>\n\t\t\t<meta itemprop=\"height\" content=\"150\" \/>\n\t\t\t\t<a\n\t\t\thref=\"https:\/\/belitelektronik.com\/wp-content\/uploads\/2021\/03\/59_800.jpg\"\n\t\t\t\t\t\tdata-fancybox=\"images\" \n\t\t\ttitle=\"Otomotiv ve ara\u00e7 takip cihaz\u0131 kablolar\u0131\" \n\t\t\t\t\t\tdata-caption=\"Otomotiv ve ara\u00e7 takip cihaz\u0131 kablolar\u0131\"\n\t\t\t\t\t\tdata-description=\"Automotive and vehicle tracking device cables\" \n\t\t\titemprop=\"contentUrl\">\n\t\t<img decoding=\"async\" src=\"https:\/\/belitelektronik.com\/wp-content\/uploads\/2021\/03\/59_800-150x150.jpg\" alt=\"Automotive and vehicle tracking device cables\" data-no-lazy=\"1\" itemprop=\"thumbnail\" \/>\n\t\t\t<!-- Overlay Wrapper -->\n\t\t\t <!-- Overlay Wrapper Closed -->\n\t\t\t\t<\/a>\n\t\t\t\t\t\t\t<meta itemprop=\"width\" content=\"150\" \/>\n\t\t\t<meta itemprop=\"height\" content=\"150\" \/>\n\t\t\t\t<a\n\t\t\thref=\"https:\/\/belitelektronik.com\/wp-content\/uploads\/2021\/03\/10_800.jpg\"\n\t\t\t\t\t\tdata-fancybox=\"images\" \n\t\t\ttitle=\"Otomotiv ve ara\u00e7 takip cihaz\u0131 kablolar\u0131\" \n\t\t\t\t\t\tdata-caption=\"Otomotiv ve ara\u00e7 takip cihaz\u0131 kablolar\u0131\"\n\t\t\t\t\t\tdata-description=\"Automotive and vehicle tracking device cables\" \n\t\t\titemprop=\"contentUrl\">\n\t\t<img decoding=\"async\" src=\"https:\/\/belitelektronik.com\/wp-content\/uploads\/2021\/03\/10_800-150x150.jpg\" alt=\"Automotive and vehicle tracking device cables\" data-no-lazy=\"1\" itemprop=\"thumbnail\" \/>\n\t\t\t<!-- Overlay Wrapper -->\n\t\t\t <!-- Overlay Wrapper Closed -->\n\t\t\t\t<\/a>\n\t\t\t\t\t\t\t<meta itemprop=\"width\" content=\"150\" \/>\n\t\t\t<meta itemprop=\"height\" content=\"150\" \/>\n\t\t\t\t<a href=\"#\">Load More<\/a>\n\t\t\t\t\tLoading&#8230;\n\t\t\t\t\t<img decoding=\"async\" src=\"https:\/\/belitelektronik.com\/wp-content\/plugins\/bbpowerpack\/assets\/images\/spinner.gif\"\/>\n\t\t\t<img decoding=\"async\" src=\"https:\/\/belitelektronik.com\/wp-content\/uploads\/2021\/03\/10_800.jpg\" alt=\"\"\/>\n\n","protected":false},"excerpt":{"rendered":"<p>Belit Elektronic produces quality products and solutions at many important points within the complex structure of the automotive electronics industry. Automotive lighting cables, vehicle tracking devices cables(telemetry devices) and tachograph devices cables are the leading ones. We produce battery management system cables for companies that serve in the field of electromobility and energy technologies, which [&hellip;]<\/p>\n","protected":false},"author":2,"featured_media":573,"parent":0,"menu_order":0,"comment_status":"closed","ping_status":"closed","template":"","meta":{"site-sidebar-layout":"no-sidebar","site-content-layout":"page-builder","ast-site-content-layout":"default","site-content-style":"default","site-sidebar-style":"default","ast-global-header-display":"","ast-banner-title-visibility":"","ast-main-header-display":"","ast-hfb-above-header-display":"","ast-hfb-below-header-display":"","ast-hfb-mobile-header-display":"","site-post-title":"disabled","ast-breadcrumbs-content":"","ast-featured-img":"disabled","footer-sml-layout":"","ast-disable-related-posts":"","theme-transparent-header-meta":"default","adv-header-id-meta":"","stick-header-meta":"default","header-above-stick-meta":"","header-main-stick-meta":"","header-below-stick-meta":"","astra-migrate-meta-layouts":"default","ast-page-background-enabled":"default","ast-page-background-meta":{"desktop":{"background-color":"","background-image":"","background-repeat":"repeat","background-position":"center center","background-size":"auto","background-attachment":"scroll","background-type":"","background-media":"","overlay-type":"","overlay-color":"","overlay-opacity":"","overlay-gradient":""},"tablet":{"background-color":"","background-image":"","background-repeat":"repeat","background-position":"center center","background-size":"auto","background-attachment":"scroll","background-type":"","background-media":"","overlay-type":"","overlay-color":"","overlay-opacity":"","overlay-gradient":""},"mobile":{"background-color":"","background-image":"","background-repeat":"repeat","background-position":"center center","background-size":"auto","background-attachment":"scroll","background-type":"","background-media":"","overlay-type":"","overlay-color":"","overlay-opacity":"","overlay-gradient":""}},"ast-content-background-meta":{"desktop":{"background-color":"var(--ast-global-color-5)","background-image":"","background-repeat":"repeat","background-position":"center center","background-size":"auto","background-attachment":"scroll","background-type":"","background-media":"","overlay-type":"","overlay-color":"","overlay-opacity":"","overlay-gradient":""},"tablet":{"background-color":"var(--ast-global-color-5)","background-image":"","background-repeat":"repeat","background-position":"center center","background-size":"auto","background-attachment":"scroll","background-type":"","background-media":"","overlay-type":"","overlay-color":"","overlay-opacity":"","overlay-gradient":""},"mobile":{"background-color":"var(--ast-global-color-5)","background-image":"","background-repeat":"repeat","background-position":"center center","background-size":"auto","background-attachment":"scroll","background-type":"","background-media":"","overlay-type":"","overlay-color":"","overlay-opacity":"","overlay-gradient":""}},"footnotes":""},"class_list":["post-1333","page","type-page","status-publish","has-post-thumbnail","hentry"],"_links":{"self":[{"href":"https:\/\/belitelektronik.com\/en\/wp-json\/wp\/v2\/pages\/1333","targetHints":{"allow":["GET"]}}],"collection":[{"href":"https:\/\/belitelektronik.com\/en\/wp-json\/wp\/v2\/pages"}],"about":[{"href":"https:\/\/belitelektronik.com\/en\/wp-json\/wp\/v2\/types\/page"}],"author":[{"embeddable":true,"href":"https:\/\/belitelektronik.com\/en\/wp-json\/wp\/v2\/users\/2"}],"replies":[{"embeddable":true,"href":"https:\/\/belitelektronik.com\/en\/wp-json\/wp\/v2\/comments?post=1333"}],"version-history":[{"count":0,"href":"https:\/\/belitelektronik.com\/en\/wp-json\/wp\/v2\/pages\/1333\/revisions"}],"wp:featuredmedia":[{"embeddable":true,"href":"https:\/\/belitelektronik.com\/en\/wp-json\/wp\/v2\/media\/573"}],"wp:attachment":[{"href":"https:\/\/belitelektronik.com\/en\/wp-json\/wp\/v2\/media?parent=1333"}],"curies":[{"name":"wp","href":"https:\/\/api.w.org\/{rel}","templated":true}]}}