{"id":1227,"date":"2021-03-20T18:27:10","date_gmt":"2021-03-20T15:27:10","guid":{"rendered":"https:\/\/belitelektronik.com\/?page_id=1227"},"modified":"2021-03-23T16:41:06","modified_gmt":"2021-03-23T13:41:06","slug":"home","status":"publish","type":"page","link":"https:\/\/belitelektronik.com\/en\/","title":{"rendered":"Cable Assembly &#8211; Cable Assemblies | Belit Elektronik"},"content":{"rendered":"\n\n\t\t\t<h1>Belit Elektronik<\/h1>\n\t\t\t\t<p>Our company provides medium and high volume services in cable assembly, wire harness and electronic production. <br \/>Since its establishment in 2008, Belit Elektronik has invested in increasing the satisfaction of its customers, technology and employees, due to its reliability, quality and financially stabile structure.<\/p>\n\t<meta itemprop=\"name\" content=\"Belit Elektronik Kablo Montaj\u0131\" \/><meta itemprop=\"description\" content=\"Belit Elektronik Kablo Montaj\u0131\" \/><meta itemprop=\"uploadDate\" content=\"2021-03-01\" \/><meta itemprop=\"thumbnailUrl\" content=\"https:\/\/belitelektronik.com\/wp-content\/uploads\/2021\/03\/BELITELEKTRONIKLOGO_150_.png\" \/><meta itemprop=\"contentUrl\" content=\"77\" \/><meta itemprop=\"embedUrl\" content=\"77\" \/>\t\n\t\t\t<video src=\"https:\/\/belitelektronik.com\/wp-content\/uploads\/2021\/03\/20_x264.mp4\" autoplay=\"\" webkit-playsinline=\"\" playsinline=\"\" loop=\"\" muted=\"muted\" controlsList=\"nodownload\" poster=\"\" preload=\"none\"><\/video>\n\t\t\t<img decoding=\"async\" src=\"https:\/\/belitelektronik.com\/wp-content\/uploads\/2021\/03\/40_600.jpg\" alt=\"\"\/>\n\t\t\t<img decoding=\"async\" src=\"https:\/\/belitelektronik.com\/wp-content\/uploads\/2021\/03\/30_580.jpg\" alt=\"\"\/>\n\t\t\t<img decoding=\"async\" src=\"https:\/\/belitelektronik.com\/wp-content\/uploads\/2021\/03\/33_600.jpg\" alt=\"\"\/>\n<h2>\n\t\tCable Assembly\n\t<\/h2>\n\t<p><strong>Cable assemblies<\/strong> are done in various configurations and according to customer demands. Belit Elektronik takes maximum advantage of high speed and precision cable cutting and terminal opening machines and keeps process repeatability and product quality at the highest level.<\/p>\n\t\t\t<a href=\"https:\/\/belitelektronik.com\/en\/cable-assembly\/\" target=\"_self\" role=\"button\" rel=\"noopener\">\n\t\t\t\t\t\t\tRead More\n\t\t\t\t\t<\/a>\n<h2>\n\t\tWire Harness\n\t<\/h2>\n\t<strong>Belit Elektronik<\/strong> makes wire harnesses in various configurations, density and according to demands. 100% control of cable assemblies are done with various test equipments as a result preventing future damages and loss of time.<br \/>\nIn line with customer demands, Belit Elektronik can use one or more of materials together that hold cables such as cable ties, tubing, heat shrink tubing, cloth tape together.\n\t\t\t<a href=\"https:\/\/belitelektronik.com\/en\/wire-harness\/\" target=\"_self\" role=\"button\" rel=\"noopener\">\n\t\t\t\t\t\t\tRead More\n\t\t\t\t\t<\/a>\n\t\t\t<img decoding=\"async\" src=\"https:\/\/belitelektronik.com\/wp-content\/uploads\/2021\/03\/50_600.jpg\" alt=\"\"\/>\n\t\t\t<img decoding=\"async\" src=\"https:\/\/belitelektronik.com\/wp-content\/uploads\/2021\/03\/58_600.jpg\" alt=\"\"\/>\n\t\t\t<img decoding=\"async\" src=\"https:\/\/belitelektronik.com\/wp-content\/uploads\/2021\/03\/68_600.jpg\" alt=\"\"\/>\n\t\t<h3>\n\t\t\t\t\t\t\t<a href=\"https:\/\/belitelektronik.com\/en\/services\/\" target=\"_self\" rel=\"noopener\">\n\t\t\tCable Assemblies Services\n\t\t\t\t\t\t\t<\/a>\n\t\t<\/h3>\n\t\t\tFlat cable assembly &#038; IDC\n\t\t\t<p>Belit Elektronik provides high quality and reliable flat cable assembly and IDC assembly.<\/p>\n\t\t\t\t\t\t<a href=\"https:\/\/belitelektronik.com\/en\/flat-cable-assembly-idc\/\" target=\"_self\" role=\"button\" rel=\"noopener\">\n\t\t\t\tDETAILS\t\t\t<\/a>\n\t\t\tFully automatic cable processing and crimping\n\t\t\t<p>Is able to reliably perform terminal fastening of cables with its computer-controlled and fully automatic.<\/p>\n\t\t\t\t\t\t<a href=\"https:\/\/belitelektronik.com\/en\/cable-processing-and-crimping-full-automatic\/\" target=\"_self\" role=\"button\" rel=\"noopener\">\n\t\t\t\tDETAILS\t\t\t<\/a>\n\t\t\tCable processing\n\t\t\t<p>Belit Elektronik has state-of-the-art programmable equipment for cable cutting and end opening.<\/p>\n\t\t\t\t\t\t<a href=\"https:\/\/belitelektronik.com\/en\/cable-processing\/\" target=\"_self\" role=\"button\" rel=\"noopener\">\n\t\t\t\tDETAILS\t\t\t<\/a>\n\t\t\t Soldering\n\t\t\t<p>Soldering is one of the primary technique used in many connectors.\u00a0<\/p>\n\t\t\t\t\t\t<a href=\"https:\/\/belitelektronik.com\/en\/soldering\/\" target=\"_self\" role=\"button\" rel=\"noopener\">\n\t\t\t\tDETAILS\t\t\t<\/a>\n\t\t<h3>\n\t\t\t\t\t\t\t<a href=\"https:\/\/belitelektronik.com\/en\/products\/\" target=\"_self\" rel=\"noopener\">\n\t\t\tPRODUCTS\n\t\t\t\t\t\t\t<\/a>\n\t\t<\/h3>\n\t<meta itemscope itemprop=\"mainEntityOfPage\" itemtype=\"https:\/\/schema.org\/WebPage\" itemid=\"https:\/\/belitelektronik.com\/en\/ups-cables\/\" content=\"UPS Cables\" \/><meta itemprop=\"datePublished\" content=\"2021-03-21\" \/><meta itemprop=\"dateModified\" content=\"2021-03-22\" \/><meta itemprop=\"name\" content=\"Belit Elektronik\"\/><meta itemprop=\"url\" content=\"https:\/\/belitelektronik.com\/wp-content\/uploads\/2021\/03\/BELITELEKTRONIKLOGO.png\"\/><meta itemprop=\"url\" content=\"https:\/\/belitelektronik.com\/en\/author\/ogunduz\/\" \/><meta itemprop=\"name\" content=\"\u00d6ZG\u00dcR G\u00dcND\u00dcZ\" \/><meta itemprop=\"url\" content=\"https:\/\/belitelektronik.com\/wp-content\/uploads\/2021\/03\/111_800.jpg\" \/><meta itemprop=\"width\" content=\"800\" \/><meta itemprop=\"height\" content=\"867\" \/><meta itemprop=\"interactionType\" content=\"https:\/\/schema.org\/CommentAction\" \/><meta itemprop=\"userInteractionCount\" content=\"0\" \/>\t\n\t\t\t\t<a href=\"https:\/\/belitelektronik.com\/en\/ups-cables\/\" target=\"_self\" itemprop=\"url\" rel=\"noopener\">\n\t\t\t\t<img loading=\"lazy\" decoding=\"async\" src=\"https:\/\/belitelektronik.com\/wp-content\/uploads\/bb-plugin\/cache\/111_800-panorama.jpg\" alt=\"UPS KABLOLARI\" itemprop=\"image\" data-no-lazy=\"1\" height=\"867\" width=\"800\" title=\"UPS KABLOLARI\" onerror=\"this.style.display='none'\"  \/>\n\t\t\t\t<\/a>\n\t\t\t\t\t\t\t<h3 itemprop=\"headline\">\n\t\t\t\t\t\t\t\t\t\t\t<a href=\"https:\/\/belitelektronik.com\/en\/ups-cables\/\" title=\"UPS Cables\">\n\t\t\t\t\t\t\t\t\t\t\tUPS Cables\t\t\t\t\t\t\t\t\t\t\t<\/a>\n\t\t\t\t\t\t\t\t\t<\/h3>\n    UPS Cables Belit Electronic manufactures the cable assemblies, wire harnesses and battery cables needs of the UPS industry, which it has been closely following for&#8230;\n\t<meta itemscope itemprop=\"mainEntityOfPage\" itemtype=\"https:\/\/schema.org\/WebPage\" itemid=\"https:\/\/belitelektronik.com\/en\/signal-and-data-cables\/\" content=\"Signal and data cables\" \/><meta itemprop=\"datePublished\" content=\"2021-03-21\" \/><meta itemprop=\"dateModified\" content=\"2021-03-22\" \/><meta itemprop=\"name\" content=\"Belit Elektronik\"\/><meta itemprop=\"url\" content=\"https:\/\/belitelektronik.com\/wp-content\/uploads\/2021\/03\/BELITELEKTRONIKLOGO.png\"\/><meta itemprop=\"url\" content=\"https:\/\/belitelektronik.com\/en\/author\/ogunduz\/\" \/><meta itemprop=\"name\" content=\"\u00d6ZG\u00dcR G\u00dcND\u00dcZ\" \/><meta itemprop=\"url\" content=\"https:\/\/belitelektronik.com\/wp-content\/uploads\/2021\/03\/56_800.jpg\" \/><meta itemprop=\"width\" content=\"800\" \/><meta itemprop=\"height\" content=\"800\" \/><meta itemprop=\"interactionType\" content=\"https:\/\/schema.org\/CommentAction\" \/><meta itemprop=\"userInteractionCount\" content=\"0\" \/>\t\n\t\t\t\t<a href=\"https:\/\/belitelektronik.com\/en\/signal-and-data-cables\/\" target=\"_self\" itemprop=\"url\" rel=\"noopener\">\n\t\t\t\t<img loading=\"lazy\" decoding=\"async\" src=\"https:\/\/belitelektronik.com\/wp-content\/uploads\/bb-plugin\/cache\/56_800-panorama.jpg\" alt=\"Signal and data cables\" itemprop=\"image\" data-no-lazy=\"1\" height=\"800\" width=\"800\" title=\"Sinyal ve data kablolar\u0131\" onerror=\"this.style.display='none'\"  \/>\n\t\t\t\t<\/a>\n\t\t\t\t\t\t\t<h3 itemprop=\"headline\">\n\t\t\t\t\t\t\t\t\t\t\t<a href=\"https:\/\/belitelektronik.com\/en\/signal-and-data-cables\/\" title=\"Signal and data cables\">\n\t\t\t\t\t\t\t\t\t\t\tSignal and data cables\t\t\t\t\t\t\t\t\t\t\t<\/a>\n\t\t\t\t\t\t\t\t\t<\/h3>\n    Signal and data cables In line with the needs of the relevant sectors, Belit Electronic has the ability to produce cables in a wide variety from a&#8230;\n\t<meta itemscope itemprop=\"mainEntityOfPage\" itemtype=\"https:\/\/schema.org\/WebPage\" itemid=\"https:\/\/belitelektronik.com\/en\/led-and-lighting-cables\/\" content=\"Led and Lighting Cables\" \/><meta itemprop=\"datePublished\" content=\"2021-03-21\" \/><meta itemprop=\"dateModified\" content=\"2021-03-22\" \/><meta itemprop=\"name\" content=\"Belit Elektronik\"\/><meta itemprop=\"url\" content=\"https:\/\/belitelektronik.com\/wp-content\/uploads\/2021\/03\/BELITELEKTRONIKLOGO.png\"\/><meta itemprop=\"url\" content=\"https:\/\/belitelektronik.com\/en\/author\/ogunduz\/\" \/><meta itemprop=\"name\" content=\"\u00d6ZG\u00dcR G\u00dcND\u00dcZ\" \/><meta itemprop=\"url\" content=\"https:\/\/belitelektronik.com\/wp-content\/uploads\/2021\/03\/7_800.jpg\" \/><meta itemprop=\"width\" content=\"800\" \/><meta itemprop=\"height\" content=\"910\" \/><meta itemprop=\"interactionType\" content=\"https:\/\/schema.org\/CommentAction\" \/><meta itemprop=\"userInteractionCount\" content=\"0\" \/>\t\n\t\t\t\t<a href=\"https:\/\/belitelektronik.com\/en\/led-and-lighting-cables\/\" target=\"_self\" itemprop=\"url\" rel=\"noopener\">\n\t\t\t\t<img loading=\"lazy\" decoding=\"async\" src=\"https:\/\/belitelektronik.com\/wp-content\/uploads\/bb-plugin\/cache\/7_800-panorama.jpg\" alt=\"Led and Lighting Cables\" itemprop=\"image\" data-no-lazy=\"1\" height=\"910\" width=\"800\" title=\"Led ve ayd\u0131nlatma kablolar\u0131\" onerror=\"this.style.display='none'\"  \/>\n\t\t\t\t<\/a>\n\t\t\t\t\t\t\t<h3 itemprop=\"headline\">\n\t\t\t\t\t\t\t\t\t\t\t<a href=\"https:\/\/belitelektronik.com\/en\/led-and-lighting-cables\/\" title=\"Led and Lighting Cables\">\n\t\t\t\t\t\t\t\t\t\t\tLed and Lighting Cables\t\t\t\t\t\t\t\t\t\t\t<\/a>\n\t\t\t\t\t\t\t\t\t<\/h3>\n    Led and Lighting Cables Belit Electronic produces quality cables that accompany the long working life of the LED products used in the sector and the beautiful designs&#8230;\n\t<meta itemscope itemprop=\"mainEntityOfPage\" itemtype=\"https:\/\/schema.org\/WebPage\" itemid=\"https:\/\/belitelektronik.com\/en\/grounding-cables\/\" content=\"Grounding Cables\" \/><meta itemprop=\"datePublished\" content=\"2021-03-21\" \/><meta itemprop=\"dateModified\" content=\"2021-03-22\" \/><meta itemprop=\"name\" content=\"Belit Elektronik\"\/><meta itemprop=\"url\" content=\"https:\/\/belitelektronik.com\/wp-content\/uploads\/2021\/03\/BELITELEKTRONIKLOGO.png\"\/><meta itemprop=\"url\" content=\"https:\/\/belitelektronik.com\/en\/author\/ogunduz\/\" \/><meta itemprop=\"name\" content=\"\u00d6ZG\u00dcR G\u00dcND\u00dcZ\" \/><meta itemprop=\"url\" content=\"https:\/\/belitelektronik.com\/wp-content\/uploads\/2021\/03\/64_800.jpg\" \/><meta itemprop=\"width\" content=\"1000\" \/><meta itemprop=\"height\" content=\"750\" \/><meta itemprop=\"interactionType\" content=\"https:\/\/schema.org\/CommentAction\" \/><meta itemprop=\"userInteractionCount\" content=\"0\" \/>\t\n\t\t\t\t<a href=\"https:\/\/belitelektronik.com\/en\/grounding-cables\/\" target=\"_self\" itemprop=\"url\" rel=\"noopener\">\n\t\t\t\t<img loading=\"lazy\" decoding=\"async\" src=\"https:\/\/belitelektronik.com\/wp-content\/uploads\/bb-plugin\/cache\/64_800-panorama.jpg\" alt=\"Topraklama kablolar\u0131\" itemprop=\"image\" data-no-lazy=\"1\" height=\"750\" width=\"1000\" title=\"Topraklama kablolar\u0131\" onerror=\"this.style.display='none'\"  \/>\n\t\t\t\t<\/a>\n\t\t\t\t\t\t\t<h3 itemprop=\"headline\">\n\t\t\t\t\t\t\t\t\t\t\t<a href=\"https:\/\/belitelektronik.com\/en\/grounding-cables\/\" title=\"Grounding Cables\">\n\t\t\t\t\t\t\t\t\t\t\tGrounding Cables\t\t\t\t\t\t\t\t\t\t\t<\/a>\n\t\t\t\t\t\t\t\t\t<\/h3>\n    Grounding Cables For the needs of companies producing in the field of electromechanical production, we are able to produce from single grounding cable to a&#8230;\n\t<meta itemscope itemprop=\"mainEntityOfPage\" itemtype=\"https:\/\/schema.org\/WebPage\" itemid=\"https:\/\/belitelektronik.com\/en\/flat-cable-assemblies\/\" content=\"Flat Cable Assemblies\" \/><meta itemprop=\"datePublished\" content=\"2021-03-21\" \/><meta itemprop=\"dateModified\" content=\"2021-03-22\" \/><meta itemprop=\"name\" content=\"Belit Elektronik\"\/><meta itemprop=\"url\" content=\"https:\/\/belitelektronik.com\/wp-content\/uploads\/2021\/03\/BELITELEKTRONIKLOGO.png\"\/><meta itemprop=\"url\" content=\"https:\/\/belitelektronik.com\/en\/author\/ogunduz\/\" \/><meta itemprop=\"name\" content=\"\u00d6ZG\u00dcR G\u00dcND\u00dcZ\" \/><meta itemprop=\"url\" content=\"https:\/\/belitelektronik.com\/wp-content\/uploads\/2021\/03\/85_1000.jpg\" \/><meta itemprop=\"width\" content=\"1000\" \/><meta itemprop=\"height\" content=\"750\" \/><meta itemprop=\"interactionType\" content=\"https:\/\/schema.org\/CommentAction\" \/><meta itemprop=\"userInteractionCount\" content=\"0\" \/>\t\n\t\t\t\t<a href=\"https:\/\/belitelektronik.com\/en\/flat-cable-assemblies\/\" target=\"_self\" itemprop=\"url\" rel=\"noopener\">\n\t\t\t\t<img loading=\"lazy\" decoding=\"async\" src=\"https:\/\/belitelektronik.com\/wp-content\/uploads\/bb-plugin\/cache\/85_1000-panorama.jpg\" alt=\"Flat Kablolar\" itemprop=\"image\" data-no-lazy=\"1\" height=\"750\" width=\"1000\" title=\"Flat Kablolar\" onerror=\"this.style.display='none'\"  \/>\n\t\t\t\t<\/a>\n\t\t\t\t\t\t\t<h3 itemprop=\"headline\">\n\t\t\t\t\t\t\t\t\t\t\t<a href=\"https:\/\/belitelektronik.com\/en\/flat-cable-assemblies\/\" title=\"Flat Cable Assemblies\">\n\t\t\t\t\t\t\t\t\t\t\tFlat Cable Assemblies\t\t\t\t\t\t\t\t\t\t\t<\/a>\n\t\t\t\t\t\t\t\t\t<\/h3>\n    Flat Cable Assemblies We manufacture flat cable assemblies 1.27mm pitch in UL2651 standard and IDC connectors of a high quality. Thanks to the design of the&#8230;\n\t<meta itemscope itemprop=\"mainEntityOfPage\" itemtype=\"https:\/\/schema.org\/WebPage\" itemid=\"https:\/\/belitelektronik.com\/en\/energy-and-battery-cables\/\" content=\"Energy and battery cables\" \/><meta itemprop=\"datePublished\" content=\"2021-03-21\" \/><meta itemprop=\"dateModified\" content=\"2021-03-22\" \/><meta itemprop=\"name\" content=\"Belit Elektronik\"\/><meta itemprop=\"url\" content=\"https:\/\/belitelektronik.com\/wp-content\/uploads\/2021\/03\/BELITELEKTRONIKLOGO.png\"\/><meta itemprop=\"url\" content=\"https:\/\/belitelektronik.com\/en\/author\/ogunduz\/\" \/><meta itemprop=\"name\" content=\"\u00d6ZG\u00dcR G\u00dcND\u00dcZ\" \/><meta itemprop=\"url\" content=\"https:\/\/belitelektronik.com\/wp-content\/uploads\/2021\/03\/44_800-1.jpg\" \/><meta itemprop=\"width\" content=\"800\" \/><meta itemprop=\"height\" content=\"800\" \/><meta itemprop=\"interactionType\" content=\"https:\/\/schema.org\/CommentAction\" \/><meta itemprop=\"userInteractionCount\" content=\"0\" \/>\t\n\t\t\t\t<a href=\"https:\/\/belitelektronik.com\/en\/energy-and-battery-cables\/\" target=\"_self\" itemprop=\"url\" rel=\"noopener\">\n\t\t\t\t<img loading=\"lazy\" decoding=\"async\" src=\"https:\/\/belitelektronik.com\/wp-content\/uploads\/bb-plugin\/cache\/44_800-1-panorama.jpg\" alt=\"Enerji ve ak\u00fc kablolar\u0131\" itemprop=\"image\" data-no-lazy=\"1\" height=\"800\" width=\"800\" title=\"Enerji ve ak\u00fc kablolar\u0131\" onerror=\"this.style.display='none'\"  \/>\n\t\t\t\t<\/a>\n\t\t\t\t\t\t\t<h3 itemprop=\"headline\">\n\t\t\t\t\t\t\t\t\t\t\t<a href=\"https:\/\/belitelektronik.com\/en\/energy-and-battery-cables\/\" title=\"Energy and battery cables\">\n\t\t\t\t\t\t\t\t\t\t\tEnergy and battery cables\t\t\t\t\t\t\t\t\t\t\t<\/a>\n\t\t\t\t\t\t\t\t\t<\/h3>\n    Energy and battery cables Belit Electronic is able to make energy, battery cables and battery management system (BMS) cables up to 150 mm2 cross sections in line&#8230;\n\t<meta itemscope itemprop=\"mainEntityOfPage\" itemtype=\"https:\/\/schema.org\/WebPage\" itemid=\"https:\/\/belitelektronik.com\/en\/elevator-button-and-control-cables\/\" content=\"Elevator Button and Control Cables\" \/><meta itemprop=\"datePublished\" content=\"2021-03-21\" \/><meta itemprop=\"dateModified\" content=\"2021-03-22\" \/><meta itemprop=\"name\" content=\"Belit Elektronik\"\/><meta itemprop=\"url\" content=\"https:\/\/belitelektronik.com\/wp-content\/uploads\/2021\/03\/BELITELEKTRONIKLOGO.png\"\/><meta itemprop=\"url\" content=\"https:\/\/belitelektronik.com\/en\/author\/ogunduz\/\" \/><meta itemprop=\"name\" content=\"\u00d6ZG\u00dcR G\u00dcND\u00dcZ\" \/><meta itemprop=\"url\" content=\"https:\/\/belitelektronik.com\/wp-content\/uploads\/2021\/03\/72_800.jpg\" \/><meta itemprop=\"width\" content=\"1000\" \/><meta itemprop=\"height\" content=\"750\" \/><meta itemprop=\"interactionType\" content=\"https:\/\/schema.org\/CommentAction\" \/><meta itemprop=\"userInteractionCount\" content=\"0\" \/>\t\n\t\t\t\t<a href=\"https:\/\/belitelektronik.com\/en\/elevator-button-and-control-cables\/\" target=\"_self\" itemprop=\"url\" rel=\"noopener\">\n\t\t\t\t<img loading=\"lazy\" decoding=\"async\" src=\"https:\/\/belitelektronik.com\/wp-content\/uploads\/bb-plugin\/cache\/72_800-panorama.jpg\" alt=\"Asans\u00f6r buton ve kumanda kablolar\u0131\" itemprop=\"image\" data-no-lazy=\"1\" height=\"750\" width=\"1000\" title=\"Asans\u00f6r buton ve kumanda kablolar\u0131\" onerror=\"this.style.display='none'\"  \/>\n\t\t\t\t<\/a>\n\t\t\t\t\t\t\t<h3 itemprop=\"headline\">\n\t\t\t\t\t\t\t\t\t\t\t<a href=\"https:\/\/belitelektronik.com\/en\/elevator-button-and-control-cables\/\" title=\"Elevator Button and Control Cables\">\n\t\t\t\t\t\t\t\t\t\t\tElevator Button and Control Cables\t\t\t\t\t\t\t\t\t\t\t<\/a>\n\t\t\t\t\t\t\t\t\t<\/h3>\n    Elevator Button and Control Cables Belit Electronic manufactures; Cable assemblies used in elevators, an area where the construction and electronics sectors intersect. Elevator button connection cables, sensor cables,&#8230;\n\t<meta itemscope itemprop=\"mainEntityOfPage\" itemtype=\"https:\/\/schema.org\/WebPage\" itemid=\"https:\/\/belitelektronik.com\/en\/d-sub-cable-assemblies\/\" content=\"D-Sub Cable Assemblies\" \/><meta itemprop=\"datePublished\" content=\"2021-03-21\" \/><meta itemprop=\"dateModified\" content=\"2021-03-22\" \/><meta itemprop=\"name\" content=\"Belit Elektronik\"\/><meta itemprop=\"url\" content=\"https:\/\/belitelektronik.com\/wp-content\/uploads\/2021\/03\/BELITELEKTRONIKLOGO.png\"\/><meta itemprop=\"url\" content=\"https:\/\/belitelektronik.com\/en\/author\/ogunduz\/\" \/><meta itemprop=\"name\" content=\"\u00d6ZG\u00dcR G\u00dcND\u00dcZ\" \/><meta itemprop=\"url\" content=\"https:\/\/belitelektronik.com\/wp-content\/uploads\/2021\/03\/92_800.jpg\" \/><meta itemprop=\"width\" content=\"1000\" \/><meta itemprop=\"height\" content=\"750\" \/><meta itemprop=\"interactionType\" content=\"https:\/\/schema.org\/CommentAction\" \/><meta itemprop=\"userInteractionCount\" content=\"0\" \/>\t\n\t\t\t\t<a href=\"https:\/\/belitelektronik.com\/en\/d-sub-cable-assemblies\/\" target=\"_self\" itemprop=\"url\" rel=\"noopener\">\n\t\t\t\t<img loading=\"lazy\" decoding=\"async\" src=\"https:\/\/belitelektronik.com\/wp-content\/uploads\/bb-plugin\/cache\/92_800-panorama.jpg\" alt=\"D-sub kablo montaj\u0131\" itemprop=\"image\" data-no-lazy=\"1\" height=\"750\" width=\"1000\" title=\"D-sub kablo montaj\u0131\" onerror=\"this.style.display='none'\"  \/>\n\t\t\t\t<\/a>\n\t\t\t\t\t\t\t<h3 itemprop=\"headline\">\n\t\t\t\t\t\t\t\t\t\t\t<a href=\"https:\/\/belitelektronik.com\/en\/d-sub-cable-assemblies\/\" title=\"D-Sub Cable Assemblies\">\n\t\t\t\t\t\t\t\t\t\t\tD-Sub Cable Assemblies\t\t\t\t\t\t\t\t\t\t\t<\/a>\n\t\t\t\t\t\t\t\t\t<\/h3>\n    D-Sub Cable Assemblies This type of connector takes its name from the characteristic D shape, it is widely used for data transfer. The quality and plating&#8230;\n\t\t<!-- .pp-content-posts -->\n\n","protected":false},"excerpt":{"rendered":"<p>Belit Elektronik Our company provides medium and high volume services in cable assembly, wire harness and electronic production. Since its establishment in 2008, Belit Elektronik has invested in increasing the satisfaction of its customers, technology and employees, due to its reliability, quality and financially stabile structure. Cable Assembly Cable assemblies are done in various configurations [&hellip;]<\/p>\n","protected":false},"author":2,"featured_media":1159,"parent":0,"menu_order":0,"comment_status":"closed","ping_status":"closed","template":"","meta":{"site-sidebar-layout":"no-sidebar","site-content-layout":"page-builder","ast-site-content-layout":"default","site-content-style":"default","site-sidebar-style":"default","ast-global-header-display":"","ast-banner-title-visibility":"","ast-main-header-display":"","ast-hfb-above-header-display":"","ast-hfb-below-header-display":"","ast-hfb-mobile-header-display":"","site-post-title":"disabled","ast-breadcrumbs-content":"disabled","ast-featured-img":"disabled","footer-sml-layout":"","ast-disable-related-posts":"","theme-transparent-header-meta":"default","adv-header-id-meta":"","stick-header-meta":"default","header-above-stick-meta":"","header-main-stick-meta":"","header-below-stick-meta":"","astra-migrate-meta-layouts":"default","ast-page-background-enabled":"default","ast-page-background-meta":{"desktop":{"background-color":"","background-image":"","background-repeat":"repeat","background-position":"center center","background-size":"auto","background-attachment":"scroll","background-type":"","background-media":"","overlay-type":"","overlay-color":"","overlay-opacity":"","overlay-gradient":""},"tablet":{"background-color":"","background-image":"","background-repeat":"repeat","background-position":"center center","background-size":"auto","background-attachment":"scroll","background-type":"","background-media":"","overlay-type":"","overlay-color":"","overlay-opacity":"","overlay-gradient":""},"mobile":{"background-color":"","background-image":"","background-repeat":"repeat","background-position":"center center","background-size":"auto","background-attachment":"scroll","background-type":"","background-media":"","overlay-type":"","overlay-color":"","overlay-opacity":"","overlay-gradient":""}},"ast-content-background-meta":{"desktop":{"background-color":"var(--ast-global-color-5)","background-image":"","background-repeat":"repeat","background-position":"center center","background-size":"auto","background-attachment":"scroll","background-type":"","background-media":"","overlay-type":"","overlay-color":"","overlay-opacity":"","overlay-gradient":""},"tablet":{"background-color":"var(--ast-global-color-5)","background-image":"","background-repeat":"repeat","background-position":"center center","background-size":"auto","background-attachment":"scroll","background-type":"","background-media":"","overlay-type":"","overlay-color":"","overlay-opacity":"","overlay-gradient":""},"mobile":{"background-color":"var(--ast-global-color-5)","background-image":"","background-repeat":"repeat","background-position":"center center","background-size":"auto","background-attachment":"scroll","background-type":"","background-media":"","overlay-type":"","overlay-color":"","overlay-opacity":"","overlay-gradient":""}},"footnotes":""},"class_list":["post-1227","page","type-page","status-publish","has-post-thumbnail","hentry"],"_links":{"self":[{"href":"https:\/\/belitelektronik.com\/en\/wp-json\/wp\/v2\/pages\/1227","targetHints":{"allow":["GET"]}}],"collection":[{"href":"https:\/\/belitelektronik.com\/en\/wp-json\/wp\/v2\/pages"}],"about":[{"href":"https:\/\/belitelektronik.com\/en\/wp-json\/wp\/v2\/types\/page"}],"author":[{"embeddable":true,"href":"https:\/\/belitelektronik.com\/en\/wp-json\/wp\/v2\/users\/2"}],"replies":[{"embeddable":true,"href":"https:\/\/belitelektronik.com\/en\/wp-json\/wp\/v2\/comments?post=1227"}],"version-history":[{"count":0,"href":"https:\/\/belitelektronik.com\/en\/wp-json\/wp\/v2\/pages\/1227\/revisions"}],"wp:featuredmedia":[{"embeddable":true,"href":"https:\/\/belitelektronik.com\/en\/wp-json\/wp\/v2\/media\/1159"}],"wp:attachment":[{"href":"https:\/\/belitelektronik.com\/en\/wp-json\/wp\/v2\/media?parent=1227"}],"curies":[{"name":"wp","href":"https:\/\/api.w.org\/{rel}","templated":true}]}}